{"id":16,"date":"2020-07-26T03:53:10","date_gmt":"2020-07-26T03:53:10","guid":{"rendered":"http:\/\/www.penaloza.com.mx\/?page_id=16"},"modified":"2020-07-26T03:53:10","modified_gmt":"2020-07-26T03:53:10","slug":"la-historia","status":"publish","type":"page","link":"https:\/\/www.penaloza.com.mx\/index.php\/la-historia\/","title":{"rendered":"La historia"},"content":{"rendered":"\n<p>Historia<\/p>\n\n\n\n<p>En el 2001 nacimos con el nombre comercial DKNO Soluciones Reales, a lo largo de nuestro crecimiento profesional y laboral se han creado diversas alianzas comerciales que permitieron fundar en el a\u00f1o 2007 TROYA TECNOLOGIA brindando a nuestros clientes un amplio abanico de soluciones.<\/p>\n\n\n\n<p>Misi\u00f3n<\/p>\n\n\n\n<p>Bajo la nueva era de Internet conocida como Web 2.0, nuestra misi\u00f3n como empresa es ser un puente de enlace entre nuestros clientes y la tecnolog\u00eda que internet brinda, creando una sociedad solida que permita el crecimiento y la competitividad de nuestros clientes sobre su competencia.<\/p>\n\n\n\n<p>Visi\u00f3n<\/p>\n\n\n\n<p>Actualmente somos una de las pocas empresas mexicanas tecnol\u00f3gicas que se preocupa m\u00e1s por la persona que por el usuario, visualizamos que en las pr\u00f3ximas d\u00e9cadas las formas de trabajar de las empresas cambiara, esto lo vemos una oportunidad de crecimiento y una oportunidad de apoyar a las empresas mexicanas traduciendo la tecnolog\u00eda a sus necesidades.<\/p>\n\n\n\n<p>La diferencia<\/p>\n\n\n\n<p>Porque podemos satisfacer sus necesidades tecnolog\u00eda con gran valor y excelencia t\u00e9cnica a un costo excelente.<br>Porque estamos en el lugar adecuado en el momento justo y tenemos talento<br>Porque nuestra forma de trabajo aprovecha perfectamente la diferencia de la zona horaria<\/p>\n\n\n\n<p>Nuestros proyectos usualmente son llevados a cabo por un equipo global.<br>Entre el 10 y el 20% de sus miembros est\u00e1n localizados en el lugar del cliente y el 80 o 90% en nuestra red de trabajo.<br>El equipo en sitio interact\u00faa diariamente con el cliente para definir requerimientos, y manejar los cambios.<\/p>\n\n\n\n<p>Sociedad<\/p>\n\n\n\n<p>Yarmak Consulting<\/p>\n\n\n\n<p>Infraestructura<\/p>\n\n\n\n<p>Todos nuestros servidores se encuentran alojados en el Centro de Datos m\u00e1s importante de Estados Unidos, con la m\u00e1s segura y confiable infraestructura..<\/p>\n","protected":false},"excerpt":{"rendered":"<p>Historia En el 2001 nacimos con el nombre comercial DKNO Soluciones Reales, a lo largo de nuestro crecimiento profesional y laboral se han creado diversas&#8230;<\/p>\n<div class=\"more-link-wrapper\"><a class=\"more-link\" href=\"https:\/\/www.penaloza.com.mx\/index.php\/la-historia\/\">Continue Reading<span class=\"screen-reader-text\">La historia<\/span><\/a><\/div>\n","protected":false},"author":1,"featured_media":0,"parent":0,"menu_order":0,"comment_status":"closed","ping_status":"closed","template":"","meta":[],"_links":{"self":[{"href":"https:\/\/www.penaloza.com.mx\/index.php\/wp-json\/wp\/v2\/pages\/16"}],"collection":[{"href":"https:\/\/www.penaloza.com.mx\/index.php\/wp-json\/wp\/v2\/pages"}],"about":[{"href":"https:\/\/www.penaloza.com.mx\/index.php\/wp-json\/wp\/v2\/types\/page"}],"author":[{"embeddable":true,"href":"https:\/\/www.penaloza.com.mx\/index.php\/wp-json\/wp\/v2\/users\/1"}],"replies":[{"embeddable":true,"href":"https:\/\/www.penaloza.com.mx\/index.php\/wp-json\/wp\/v2\/comments?post=16"}],"version-history":[{"count":1,"href":"https:\/\/www.penaloza.com.mx\/index.php\/wp-json\/wp\/v2\/pages\/16\/revisions"}],"predecessor-version":[{"id":17,"href":"https:\/\/www.penaloza.com.mx\/index.php\/wp-json\/wp\/v2\/pages\/16\/revisions\/17"}],"wp:attachment":[{"href":"https:\/\/www.penaloza.com.mx\/index.php\/wp-json\/wp\/v2\/media?parent=16"}],"curies":[{"name":"wp","href":"https:\/\/api.w.org\/{rel}","templated":true}]}}